{"id":183,"date":"2023-05-21T22:03:09","date_gmt":"2023-05-21T22:03:09","guid":{"rendered":"https:\/\/www.bearhunter.es\/?page_id=183"},"modified":"2024-03-23T12:25:38","modified_gmt":"2024-03-23T10:25:38","slug":"estandar-del-boxer","status":"publish","type":"page","link":"https:\/\/www.bearhunter.es\/?page_id=183","title":{"rendered":"Estandar del Boxer"},"content":{"rendered":"\n<style type=\"text\/css\" data-created_by=\"avia_inline_auto\" id=\"style-css-av-av_section-9ea5a63114508da151adb6c6e3ee90e1\">\n.avia-section.av-av_section-9ea5a63114508da151adb6c6e3ee90e1{\nbackground-color:#000000;\nbackground-image:unset;\nmargin-top:0px;\nmargin-bottom:0px;\n}\n.avia-section.av-av_section-9ea5a63114508da151adb6c6e3ee90e1 .av-section-color-overlay{\nopacity:1;\nbackground-color:#000000;\n}\n\n@media only screen and (min-width: 990px){ \n.avia-section.av-av_section-9ea5a63114508da151adb6c6e3ee90e1{\nmargin-top:0px;\nmargin-bottom:0px;\n}\n}\n\n@media only screen and (min-width: 768px) and (max-width: 989px){ \n.avia-section.av-av_section-9ea5a63114508da151adb6c6e3ee90e1{\nmargin-top:0px;\nmargin-bottom:0px;\n}\n}\n\n@media only screen and (min-width: 480px) and (max-width: 767px){ \n.avia-section.av-av_section-9ea5a63114508da151adb6c6e3ee90e1{\nmargin-top:0px;\nmargin-bottom:0px;\n}\n}\n\n@media only screen and (max-width: 479px){ \n.avia-section.av-av_section-9ea5a63114508da151adb6c6e3ee90e1{\nmargin-top:0px;\nmargin-bottom:0px;\n}\n}\n<\/style>\n<div id='av_section_1'  class='avia-section av-av_section-9ea5a63114508da151adb6c6e3ee90e1 main_color avia-section-no-padding avia-no-border-styling  avia-builder-el-0  el_before_av_textblock  avia-builder-el-first  avia-bg-style-scroll av-section-color-overlay-active container_wrap fullsize'  ><div class=\"av-section-color-overlay-wrap\"><div class=\"av-section-color-overlay\"><\/div><div class='container av-section-cont-open' ><main  role=\"main\" itemprop=\"mainContentOfPage\"  class='template-page content  av-content-full alpha units'><div class='post-entry post-entry-type-page post-entry-183'><div class='entry-content-wrapper clearfix'>\n\n<\/div><\/div><\/main><!-- close content main element --><\/div><\/div><\/div><div id='after_section_1'  class='main_color av_default_container_wrap container_wrap fullsize'  ><div class='container av-section-cont-open' ><div class='template-page content  av-content-full alpha units'><div class='post-entry post-entry-type-page post-entry-183'><div class='entry-content-wrapper clearfix'>\n<section  class='av_textblock_section av-lhxyrw0o-81401e2d37d0498751537d3fbdabcc5e '   itemscope=\"itemscope\" itemtype=\"https:\/\/schema.org\/CreativeWork\" ><div class='avia_textblock'  itemprop=\"text\" ><p><center><\/center><\/p>\n<h1>Est\u00e1ndar-FCI N\u00b0 144<\/h1>\n<h1>B\u00f3XER (Deutscher B\u00f3XER)<\/h1>\n\n<style type=\"text\/css\" data-created_by=\"avia_inline_auto\" id=\"style-css-av-o5qn-5f5988b4125bc34c913e9448fa845984\">\n#top .hr.hr-invisible.av-o5qn-5f5988b4125bc34c913e9448fa845984{\nheight:50px;\n}\n<\/style>\n<div  class='hr av-o5qn-5f5988b4125bc34c913e9448fa845984 hr-invisible  avia-builder-el-3  avia-builder-el-no-sibling '><span class='hr-inner '><span class=\"hr-inner-style\"><\/span><\/span><\/div>\n<div><\/div>\n<p><strong>TRADUCCI\u00d3N:\u00a0<\/strong>Sra.Br\u00edgida Nestler.<\/p>\n<p><strong>Supervisi\u00f3n T\u00e9cnica:<\/strong>\u00a0Sr. Miguel \u00c1ngel Mart\u00ednez.<\/p>\n<p><strong>ORIGEN:<\/strong>\u00a0Alemania.<\/p>\n<p><strong>FECHA\u00a0DE\u00a0PUBLICACI\u00d3N\u00a0DEL\u00a0EST\u00c1NDAR\u00a0OFICIAL:<\/strong>\u00a001.04.2008.<\/p>\n<p><strong>UTILIZACI\u00d3N:<\/strong>\u00a0Perro de compa\u00f1\u00eda, protecci\u00f3n yservicio.<\/p>\n<p><strong>CLASIFICACI\u00d3N FCI:<\/strong>\u00a0Grupo 2\u00a0Perros tipo Pinscher, Schnauzer, Molosoides. Tipo Monta\u00f1a\u00a0y\u00a0boyeros suizos y otras razas.<\/p>\n<p>Secci\u00f3n: 2.1\u00a0 Molosoides. Tipo Dogo. Con prueba de trabajo.<\/p>\n<h2>BREVE RESUMEN HIST\u00d3RICO:<\/h2>\n<p>Se considera como antecesor inmediato del B\u00f3XER al peque\u00f1o Brabante o Bullenbeisser. La crianza del Bullenbeisser, en aquel entonces, por lo general estaba en manos de cazadores ya que eran ellos los que lo utilizaban para la cacer\u00eda. Su tarea era tomar y sostener la presa, que hab\u00eda sido acorralada por los otros perros, hasta que llegara el cazador. Para poder realizar esta tarea, el perro deb\u00eda tener en lo posible un hocico ancho con una alineaci\u00f3n amplia de dientes que le permitiera tener una mordida fuerte para sujetar la presa. Cada Bullenbeisser que contaba con estas caracter\u00edsticas y era el mejor dotado para realizar su trabajo era utilizado para crianza. Antiguamente para la crianza se ten\u00eda en cuenta la actividad y utilizaci\u00f3n del perro. En base a estas caracter\u00edsticas se hizo una selecci\u00f3n buscando al perro con hocico ancho y nariz respingada.<\/p>\n<h2>APARIENCIA GENERAL:<\/h2>\n<p>El B\u00f3XER es un perro de tama\u00f1o mediano, de pelo liso, fuerte, con una estructura corta y cuadrada y huesos fuertes. Su musculatura es seca, fuertemente desarrollada y en relieve. Sus movimientos son vivaces, llenos de fuerza e hidalgu\u00eda. El B\u00f3XER no debe parecer tosco, pesado o liviano.<\/p>\n<h2>PROPORCIONES IMPORTANTES:<\/h2>\n<ul>\n<li>Largo del cuerpo: Altura a la cruz: su estructura es cuadrada, esto significa que las l\u00edneas delimitantes, una horizontal del dorso y dos verticales, una que toca la punta del hombro y otra la punta de isqui\u00f3n forman un cuadrado.<\/li>\n<li>Profundidad de pecho: Altura a la cruz: el pecho llega hasta los codos. La profundidad de pecho corresponde a la mitad de la altura a la cruz.<\/li>\n<li>Largo del hocico: largo de la cabeza: el largo del hocico en relaci\u00f3n al largo del cr\u00e1neo es de 1:2 (medido desde la punta de la nariz hasta el \u00e1ngulo interior del ojo y desde el \u00e1ngulo interior del ojo al occipucio respectivamente).<\/li>\n<\/ul>\n<h2>COMPORTAMIENTO \/\u00a0TEMPERAMENTO:<\/h2>\n<p>El \u00a0B\u00f3XER \u00a0debe tener nervios fuertes, ser seguro de s\u00ed mismo, tranquilo y equilibrado. Su car\u00e1cter es de m\u00e1xima importancia y requiere de una atenci\u00f3n especial. Su apego y lealtad hacia su amo y a todo su entorno, su vigilancia y valent\u00eda como defensor son conocidos desde la antig\u00fcedad. Es inofensivo con su entorno pero desconfiado ante los extra\u00f1os, alegre y gracioso durante el juego pero temible en los momentos serios. Es f\u00e1cil de educar gracias a su predisposici\u00f3n a ser obediente, su br\u00edo y valor, su agudeza natural y su buen olfato.<\/p>\n<p>Por no ser pretencioso y ser un perro limpio por naturaleza hace que sea agradable y valioso para la familia como perro de guardia, compa\u00f1\u00eda y servicio. Su car\u00e1cter es \u00edntegro, no es falso ni rencoroso a\u00fan a edad avanzada.<\/p>\n<h2>CABEZA:<\/h2>\n<p>Es la caracter\u00edstica m\u00e1s importante del B\u00f3XER. Debe estar bien proporcionada al cuerpo y no debe parecer ni muy liviana ni muy pesada. El hocico en lo posible debe ser ancho y poderoso. La belleza de la cabeza depende de la relaci\u00f3n arm\u00f3nica del tama\u00f1o entre el hocico y el cr\u00e1neo.<\/p>\n<p>Desde cualquier \u00e1ngulo que se observe la cabeza, desde adelante, arriba o de costado, el hocico siempre debe tener la relaci\u00f3n correcta con respecto al cr\u00e1neo. Esto significa que el cr\u00e1neo nunca debe parecer demasiado peque\u00f1o. La cabeza debe ser seca, o sea que no debe mostrar arrugas.<\/p>\n<p>Por naturaleza, sin embargo, se forman arrugas sobre el cr\u00e1neo en atenci\u00f3n m\u00e1xima. Desde la base de la nariz hacia ambos lados en direcci\u00f3n descendente, permanentemente se forman arrugas. La m\u00e1scara oscura se limita al hocico y se debe diferenciar claramente del color de la cabeza, para&lt; -.25pt; \u00ab&gt; que la cara no parezca sombr\u00eda.<\/p>\n<p><center><img decoding=\"async\" id=\"misimagenes\" src=\"https:\/\/www.bearhunter.es\/images\/Proporciones%20Estandar%20Boxer.jpg\" alt=\"\" width=\"450\" \/><img loading=\"lazy\" decoding=\"async\" class=\"wp-image-200 aligncenter\" src=\"https:\/\/www.bearhunter.es\/wp-content\/uploads\/2023\/05\/Proporciones-Estandar-Boxer-300x284.jpg\" alt=\"\" width=\"400\" height=\"379\" srcset=\"https:\/\/www.bearhunter.es\/wp-content\/uploads\/2023\/05\/Proporciones-Estandar-Boxer-300x284.jpg 300w, https:\/\/www.bearhunter.es\/wp-content\/uploads\/2023\/05\/Proporciones-Estandar-Boxer.jpg 640w\" sizes=\"auto, (max-width: 400px) 100vw, 400px\" \/><\/center><\/p>\n<h2>REGI\u00d3N CRANEAL:<\/h2>\n<p><strong>Cr\u00e1neo:<\/strong>\u00a0El cr\u00e1neo debe ser en lo posible estrecho y anguloso. Debe ser ligeramente arqueado, ni redondeado y corto, ni plano o demasiado ancho. El occipucio no debe ser muy alto. El surco de la frente debe estar s\u00f3lo levemente marcado, y especialmente entre los ojos d\u00f3nde no debe ser demasiado profundo.<\/p>\n<p>Depresi\u00f3n naso-frontal (Stop): La frente forma con el hocico una ca\u00edda marcada. El puente nasal no debe estar colocado hacia atr\u00e1s como en el Bulldog pero tampoco debe ser descendente.<\/p>\n<h2>REGI\u00d3N FACIAL:<\/h2>\n<p><strong>Nariz:<\/strong>\u00a0La nariz es ancha y negra, levemente respingada con amplios orificios nasales. La punta de la nariz es ligeramente m\u00e1s alta que su base.<\/p>\n<p><strong>Hocico:<\/strong>\u00a0El hocico debe estar fuertemente desarrollado en sus tres dimensiones. Esto significa que no debe ser ni puntiagudo, ni angosto, corto o plano.<\/p>\n<p>Su configuraci\u00f3n est\u00e1 influenciada por:<br \/>\n<strong>a)<\/strong>\u00a0La forma del maxilar.<br \/>\n<strong>b)<\/strong>\u00a0La implantaci\u00f3n de los caninos.<br \/>\n<strong>c)<\/strong>\u00a0conformaci\u00f3n de los labios. Los caninos deben estar en lo posible bien separados y tener un buen largo permitiendo que la superficie delantera del hocico sea ancha y casi cuadrada y junto con el puente nasal formen un \u00e1ngulo obtuso. Adelante, el borde del labio superior apoya sobre el borde del labio inferior. La parte curvada hacia arriba del maxilar inferior junto con el labio inferior, denominada ment\u00f3n, no debe sobresalir exageradamente hacia adelante por sobre el labio superior ni mucho menos desaparecer por debajo, sino que debe estar bien marcado tanto de adelante como de costado. Los incisivos del maxilar inferior no deben verse cuando el hocico est\u00e1 cerrado. Tampoco el B\u00f3XER debe mostrar la lengua con el hocico cerrado. El surco naso labial debe ser bien visible.<\/p>\n<p><strong>Labios:<\/strong>\u00a0Los labios determinan la forma del hocico. El labio superior es grueso y carnoso rellenando la zona hueca que se forma a causa del maxilar inferior m\u00e1s largo tapando los incisivos.<\/p>\n<p><strong>Mand\u00edbula \/ Mordida:<\/strong>\u00a0El maxilar inferior sobresale al maxilar superior y est\u00e1 ligeramente curvado hacia arriba. El B\u00f3XER muerde hacia adelante. El maxilar superior es ancho a la altura del cr\u00e1neo estrech\u00e1ndose ligeramente hacia delante. La mordida es poderosa y sana. Los incisivos deben estar colocados lo m\u00e1s regulares posible en una l\u00ednea recta, los caninos bien separados entre si y de buen tama\u00f1o. Mejillas: Las mejillas est\u00e1n desarrolladas en relaci\u00f3n al fuerte maxilar sin ser demasiado pronunciadas. Llegan al hocico formando una ligera curva.<\/p>\n<p style=\"text-align: center;\"><img loading=\"lazy\" decoding=\"async\" class=\"wp-image-206 aligncenter\" src=\"https:\/\/www.bearhunter.es\/wp-content\/uploads\/2023\/05\/Clasificacion-de-dentadura2-1-300x75.png\" alt=\"\" width=\"404\" height=\"101\" srcset=\"https:\/\/www.bearhunter.es\/wp-content\/uploads\/2023\/05\/Clasificacion-de-dentadura2-1-300x75.png 300w, https:\/\/www.bearhunter.es\/wp-content\/uploads\/2023\/05\/Clasificacion-de-dentadura2-1.png 397w\" sizes=\"auto, (max-width: 404px) 100vw, 404px\" \/><\/p>\n<p><center><img decoding=\"async\" id=\"misimagenes\" class=\"aligncenter\" src=\"https:\/\/www.bearhunter.es\/images\/Clasificacion%20de%20dentadura2.jpg\" alt=\"\" width=\"400\" \/><\/center><strong>Ojos:<\/strong>\u00a0Los ojos oscuros no deben ser demasiado peque\u00f1os ni protuberantes o hundidos. Su expresi\u00f3n irradia energ\u00eda e inteligencia, no debe ser amenazadora ni punzante.<\/p>\n<p><center><img loading=\"lazy\" decoding=\"async\" class=\"wp-image-202 aligncenter\" src=\"https:\/\/www.bearhunter.es\/wp-content\/uploads\/2023\/05\/Clasificacion-de-los-ojos-300x81.jpg\" alt=\"\" width=\"381\" height=\"103\" srcset=\"https:\/\/www.bearhunter.es\/wp-content\/uploads\/2023\/05\/Clasificacion-de-los-ojos-300x81.jpg 300w, https:\/\/www.bearhunter.es\/wp-content\/uploads\/2023\/05\/Clasificacion-de-los-ojos.jpg 395w\" sizes=\"auto, (max-width: 381px) 100vw, 381px\" \/><img decoding=\"async\" id=\"misimagenes\" class=\"aligncenter\" src=\"https:\/\/www.bearhunter.es\/images\/Clasificacion%20de%20los%20ojos.jpg\" alt=\"\" width=\"450\" \/><\/center><strong>Orejas:<\/strong>\u00a0Las orejas naturales deben tener un tama\u00f1o adecuado, su inserci\u00f3n es a los costados y en el punto m\u00e1s alto del cr\u00e1neo. Caen apoyadas sobre las mejillas cuando el perro est\u00e1 tranquilo, cuando el perro est\u00e1 en atenci\u00f3n \u2013 las orejas deber\u00edan caer hacia adelante con un marcado pliegue<\/p>\n<h2>CUELLO:<\/h2>\n<p>La l\u00ednea superior forma una elegante curva desde una nuca bien marcada hacia la cruz. Debe ser m\u00e1s bien largo, redondo, fuerte, musculoso y seco, sin papada.<\/p>\n<h2>CUERPO:<\/h2>\n<p>Cuadrado. El cuerpo se apoya sobre miembros s\u00f3lidos y derechos.<\/p>\n<p><strong>Cruz:<\/strong>\u00a0Debe\u00a0 ser bien marcada.<\/p>\n<p><strong>Dorso:<\/strong>\u00a0Incluyendo \u00a0la zona renal debe ser corto, fuerte, recto, ancho y con fuerte musculatura.<\/p>\n<p><strong>Grupa:<\/strong>\u00a0Ligeramente inclinada, curvada, plana y ancha. La pelvis debe ser larga y en las hembras debe ser ancha.<\/p>\n<p><strong>T\u00f3rax:<\/strong>\u00a0Profundo, llegando hasta los codos. La profundidad de pecho corresponde a la mitad de la altura a la cruz. Antepecho bien desarrollado. Las costillas bien arqueadas pero no en forma de tonel, llegando ampliamente hacia atr\u00e1s.<\/p>\n<p><strong>L\u00ednea inferior:<\/strong>\u00a0\u00a0Forma \u00a0elegante \u00a0curva \u00a0hacia atr\u00e1s. Flancos \u00a0cortos, fuertes y ligeramente ascendentes.<\/p>\n<p><strong>COLA:<\/strong>\u00a0La inserci\u00f3n m\u00e1s bien alta que baja. De un largo normal y en estado natural.<\/p>\n<p><center><img decoding=\"async\" id=\"misimagenes\" src=\"https:\/\/www.bearhunter.es\/images\/Angulaciones%20Aplomos%20Proporciones.jpg\" alt=\"\" width=\"450\" \/><img loading=\"lazy\" decoding=\"async\" class=\"wp-image-201 aligncenter\" src=\"https:\/\/www.bearhunter.es\/wp-content\/uploads\/2023\/05\/Angulaciones-Aplomos-Proporciones-300x213.jpg\" alt=\"\" width=\"431\" height=\"306\" srcset=\"https:\/\/www.bearhunter.es\/wp-content\/uploads\/2023\/05\/Angulaciones-Aplomos-Proporciones-300x213.jpg 300w, https:\/\/www.bearhunter.es\/wp-content\/uploads\/2023\/05\/Angulaciones-Aplomos-Proporciones-260x185.jpg 260w, https:\/\/www.bearhunter.es\/wp-content\/uploads\/2023\/05\/Angulaciones-Aplomos-Proporciones.jpg 553w\" sizes=\"auto, (max-width: 431px) 100vw, 431px\" \/><\/center><\/p>\n<h2>EXTREMIDADES:<\/h2>\n<p><strong>EXTREMIDADES ANTERIORES:<\/strong>\u00a0Los miembros vistos desde el frente deben ser rectos y paralelos entre si y tener huesos fuertes.<\/p>\n<p><strong>Hombros:<\/strong>\u00a0Fuertes e inclinados, fuertemente ligados al t\u00f3rax, no deben ser demasiado musculosos.<\/p>\n<p><strong>Brazo:<\/strong>\u00a0Largo, formando con la esc\u00e1pula un \u00e1ngulo recto.<\/p>\n<p><strong>Codos:<\/strong>\u00a0Ni \u00a0fuertemente pegados al t\u00f3rax ni demasiado separados. Antebrazo: Vertical, largo y de musculatura seca y fuerte.<\/p>\n<p><strong>Articulaci\u00f3n del carpo:<\/strong>\u00a0Desarrollada, bien marcada pero sin exageraci\u00f3n.<\/p>\n<p><strong>Metacarpo:<\/strong>\u00a0Corto, casi vertical en direcci\u00f3n al piso.<\/p>\n<p><strong>Pies anteriores:<\/strong>\u00a0Peque\u00f1os, \u00a0redondos, cerrados, almohadillas gruesas y duras.<\/p>\n<p><center><img loading=\"lazy\" decoding=\"async\" class=\"wp-image-204 aligncenter\" src=\"https:\/\/www.bearhunter.es\/wp-content\/uploads\/2023\/05\/Extremidades-182x300.jpg\" alt=\"\" width=\"286\" height=\"354\" \/><img decoding=\"async\" id=\"misimagenes\" class=\"aligncenter\" src=\"https:\/\/www.bearhunter.es\/images\/Extremidades.jpg\" alt=\"\" width=\"250\" \/><\/center><strong>EXTREMIDADES POSTERIORES:<\/strong>\u00a0Con fuerte musculatura. La musculatura debe ser dura como una tabla y sobresalir con plasticidad. Los miembros posteriores vistos desde atr\u00e1s deben ser rectos.<\/p>\n<p><strong>Muslo:<\/strong>\u00a0Largo y ancho. El \u00e1ngulo de la cadera y de la rodilla en lo posible poco obtuso.<\/p>\n<p><strong>Rodilla:<\/strong>\u00a0En posici\u00f3n de parado debe llegar hacia delante lo necesario como para que una l\u00ednea recta trazada desde la cresta il\u00edaca al suelo la toque.<\/p>\n<p><strong>Pierna:<\/strong>\u00a0Muy musculosa.<\/p>\n<p><strong>Corvej\u00f3n:<\/strong>\u00a0Fuerte, bien marcado pero sin exageraci\u00f3n. El \u00e1ngulo debe ser de aproximadamente 140\u00b0.<\/p>\n<p><strong>Metatarso:<\/strong>\u00a0Corto, con una peque\u00f1a inclinaci\u00f3n de 95 \u2013 100\u00b0 hacia el suelo.<\/p>\n<p><strong>Pies posteriores:<\/strong>\u00a0Un poco m\u00e1s largo que los anteriores. Cerrados, almohadillas gruesas y duras.<\/p>\n<p><center><img loading=\"lazy\" decoding=\"async\" class=\"wp-image-203 aligncenter\" src=\"https:\/\/www.bearhunter.es\/wp-content\/uploads\/2023\/05\/Extremidades-posteriores-300x164.jpg\" alt=\"\" width=\"536\" height=\"258\" \/><img decoding=\"async\" id=\"misimagenes\" class=\"aligncenter\" src=\"https:\/\/www.bearhunter.es\/images\/Extremidades%20posteriores.jpg\" alt=\"\" width=\"400\" \/><\/center><\/p>\n<h2>MOVIMIENTO:<\/h2>\n<p>Vivaz,\u00a0 lleno de fuerza y dignidad.<\/p>\n<p><center><img decoding=\"async\" id=\"misimagenes\" src=\"https:\/\/www.bearhunter.es\/images\/Movimiento.jpg\" alt=\"\" width=\"250\" \/><img loading=\"lazy\" decoding=\"async\" class=\"wp-image-199 aligncenter\" src=\"https:\/\/www.bearhunter.es\/wp-content\/uploads\/2023\/05\/Movimiento-134x300.jpg\" alt=\"\" width=\"229\" height=\"513\" srcset=\"https:\/\/www.bearhunter.es\/wp-content\/uploads\/2023\/05\/Movimiento-134x300.jpg 134w, https:\/\/www.bearhunter.es\/wp-content\/uploads\/2023\/05\/Movimiento-457x1024.jpg 457w, https:\/\/www.bearhunter.es\/wp-content\/uploads\/2023\/05\/Movimiento-315x705.jpg 315w, https:\/\/www.bearhunter.es\/wp-content\/uploads\/2023\/05\/Movimiento.jpg 460w\" sizes=\"auto, (max-width: 229px) 100vw, 229px\" \/><\/center><\/p>\n<h2>PIEL:<\/h2>\n<p>Seca, sin pliegues, el\u00e1stica, sin arrugas.<\/p>\n<h2>MANTO:<\/h2>\n<p>Pelo: Corto, duro, brillante y pegado.<\/p>\n<p>Color: Leonado o atigrado. El leonado puede tener diferentes tonalidades, desde un leonado claro hasta un rojo ciervo oscuro, sin embargo las tonalidades intermedias son las m\u00e1s lindas (leonado rojizo). M\u00e1scara negra. La variedad atigrada tiene sobre una base leonada, en las coloraciones antes mencionadas, l\u00edneas oscuras o negras en direcci\u00f3n a las costillas.<\/p>\n<p>El color base y las l\u00edneas deben diferenciarse claramente entre s\u00ed. Las manchas blancas no deben desecharse ya que tambi\u00e9n pueden considerarse atractivas.<\/p>\n<h2>TAMA\u00d1O:<\/h2>\n<p>Medido desde la cruz, pasando por los codos, hasta el piso.<\/p>\n<p><strong>Machos:<\/strong>\u00a0\u00a0\u00a0\u00a0\u00a0\u00a0\u00a0\u00a0\u00a0\u00a0 57 \u2013 63 cm.<\/p>\n<p><strong>Hembras:<\/strong>\u00a0\u00a0\u00a0\u00a0\u00a0\u00a0\u00a0\u00a0 \u00a053 \u2013 59 cm.<\/p>\n<h2>PESO:<\/h2>\n<p><strong>Machos:<\/strong>\u00a0M\u00e1s de 30 Kg. (con una altura a la cruz de aproximadamente 60 cm).<\/p>\n<p><strong>Hembras:<\/strong>\u00a0Aproximadamente 25 Kg. (con una altura aproximada de 56 cm).<\/p>\n<div><\/div>\n<h2>FALTAS:<\/h2>\n<p>Cualquier desviaci\u00f3n de los criterios antes mencionados se considera como falta y la gravedad de \u00e9sta se considera al grado de la desviaci\u00f3n al est\u00e1ndar y de sus consecuencias sobre la salud y el bienestar del perro.<\/p>\n<p>Comportamiento \/ car\u00e1cter:<\/p>\n<p>Falta de Temperamento.<\/p>\n<h2>CABEZA:<\/h2>\n<ul>\n<li>Falta de distinci\u00f3n y expresi\u00f3n, cara sombr\u00eda, cabeza de pinscher o de bulldog.<\/li>\n<li>Puente nasal ca\u00eddo, nariz marr\u00f3n o de color cuero, trufa clara, nariz acorde a la temperatura exterior. Hocico muy puntiagudo, dientes o lengua visible con la boca cerrada, babeo.<\/li>\n<li>Maxilar puntiagudo, alineaci\u00f3n de los dientes oblicua, defectuosa, dientes d\u00e9bilmente desarrollados, dentadura inh\u00e1bil debido a una enfermedad.<\/li>\n<li>Los as\u00ed llamados ojos de ave de rapi\u00f1a, tercer p\u00e1rpado visible.<\/li>\n<li>En orejas no amputadas: batientes, orejas llevadas a medias, orejas erectas, orejas de rosa.<\/li>\n<\/ul>\n<h2>Cuello:<\/h2>\n<p>Corto, gordo, papada.<\/p>\n<h2>Cuerpo:<\/h2>\n<ul>\n<li>De frente muy ancho y bajo<\/li>\n<li>Tronco colgante, dorso encarpado, hundido, dorso delgado.<\/li>\n<li>Lomo largo y angosto, d\u00e9bil uni\u00f3n con la grupa, severamente hundido, zona renal arqueada,<\/li>\n<li>Grupa descendente, pelvis estrecha,<\/li>\n<li>Vientre colgante, flancos huecos. Cola: Inserci\u00f3n baja, cola quebrada.<\/li>\n<\/ul>\n<h2>MIEMBROS ANTERIORES:<\/h2>\n<ul>\n<li>Parada francesa.<\/li>\n<li>Hombros sueltos.<\/li>\n<li>Codos sueltos.<\/li>\n<li>Articulaci\u00f3n del carpo d\u00e9bil.<\/li>\n<li>Pie de liebre, pie plano, pie abierto.<\/li>\n<\/ul>\n<h2>MIEMBROS POSTERIORES:<\/h2>\n<ul>\n<li>Musculatura \u00a0d\u00e9bil, \u00a0posterior \u00a0poco \u00a0angulado \u00a0o \u00a0demasiado angulado.<\/li>\n<li>Garr\u00f3n de hoz, garrones abiertos, \u00a0garr\u00f3n de vaca, garrones juntos.<\/li>\n<li>Espolones.<\/li>\n<li>Pie de liebre, pie plano, dedos abiertos.<\/li>\n<\/ul>\n<h2>MOVIMIENTO:<\/h2>\n<ul>\n<li>Andar oscilante, poca cobertura del terreno, rigidez.<\/li>\n<li>Paso de ambladura.<\/li>\n<\/ul>\n<h2>COLOR DEL PELO:<\/h2>\n<ul>\n<li>M\u00e1scara que sobresale los l\u00edmites del hocico.<\/li>\n<li>L\u00edneas muy juntas o demasiado separadas.<\/li>\n<li>Manchas\u00a0 \u00a0blancas\u00a0 \u00a0que\u00a0 \u00a0deslucen\u00a0 \u00a0como\u00a0 \u00a0ser\u00a0 \u00a0una\u00a0 \u00a0cabeza totalmente o con una mitad blanca.<\/li>\n<li>El color base est\u00e1 cubierto con m\u00e1s de un tercio de blanco.<\/li>\n<li>Colores entremezclados.<\/li>\n<li>Color base sucio, todos los de otro color.<\/li>\n<\/ul>\n<h2>FALTAS DESCALIFICANTES:<\/h2>\n<ul>\n<li>Agresividad o extrema timidez.<\/li>\n<li>Cualquier perro mostrando claras se\u00f1ales de anormalidades f\u00edsicas o de comportamiento debe ser descalificado.<\/li>\n<li>Cola corta de nacimiento.<\/li>\n<\/ul>\n<h2>N.B.:<\/h2>\n<ul>\n<li>Los machos deben tener dos test\u00edculos de apariencia normal completamente descendidos en el escroto.<\/li>\n<li>S\u00f3lo los perros funcionalmente y cl\u00ednicamente saludables, con la conformaci\u00f3n t\u00edpica de la raza, deber\u00e1n usarse para la crianza.<\/li>\n<\/ul>\n<\/div><\/section>\n","protected":false},"excerpt":{"rendered":"","protected":false},"author":1,"featured_media":0,"parent":0,"menu_order":0,"comment_status":"closed","ping_status":"closed","template":"","meta":{"footnotes":""},"class_list":["post-183","page","type-page","status-publish","hentry"],"_links":{"self":[{"href":"https:\/\/www.bearhunter.es\/index.php?rest_route=\/wp\/v2\/pages\/183","targetHints":{"allow":["GET"]}}],"collection":[{"href":"https:\/\/www.bearhunter.es\/index.php?rest_route=\/wp\/v2\/pages"}],"about":[{"href":"https:\/\/www.bearhunter.es\/index.php?rest_route=\/wp\/v2\/types\/page"}],"author":[{"embeddable":true,"href":"https:\/\/www.bearhunter.es\/index.php?rest_route=\/wp\/v2\/users\/1"}],"replies":[{"embeddable":true,"href":"https:\/\/www.bearhunter.es\/index.php?rest_route=%2Fwp%2Fv2%2Fcomments&post=183"}],"version-history":[{"count":10,"href":"https:\/\/www.bearhunter.es\/index.php?rest_route=\/wp\/v2\/pages\/183\/revisions"}],"predecessor-version":[{"id":870,"href":"https:\/\/www.bearhunter.es\/index.php?rest_route=\/wp\/v2\/pages\/183\/revisions\/870"}],"wp:attachment":[{"href":"https:\/\/www.bearhunter.es\/index.php?rest_route=%2Fwp%2Fv2%2Fmedia&parent=183"}],"curies":[{"name":"wp","href":"https:\/\/api.w.org\/{rel}","templated":true}]}}