{"id":75,"date":"2020-05-06T19:45:29","date_gmt":"2020-05-06T19:45:29","guid":{"rendered":"https:\/\/www.bearhunter.es\/?page_id=75"},"modified":"2025-05-14T10:14:34","modified_gmt":"2025-05-14T08:14:34","slug":"home","status":"publish","type":"page","link":"https:\/\/www.bearhunter.es\/","title":{"rendered":"Home"},"content":{"rendered":"\n<style type=\"text\/css\" data-created_by=\"avia_inline_auto\" id=\"style-css-av-10gk3-76b9e28157717afcfa4ae4353623e855\">\n.avia-section.av-10gk3-76b9e28157717afcfa4ae4353623e855{\nbackground-color:#000000;\nbackground-image:unset;\nmargin-top:0px;\nmargin-bottom:0px;\n}\n.avia-section.av-10gk3-76b9e28157717afcfa4ae4353623e855 .av-section-color-overlay{\nopacity:1;\nbackground-color:#000000;\n}\n\n@media only screen and (min-width: 990px){ \n.avia-section.av-10gk3-76b9e28157717afcfa4ae4353623e855{\nmargin-top:0px;\nmargin-bottom:0px;\n}\n}\n\n@media only screen and (min-width: 768px) and (max-width: 989px){ \n.avia-section.av-10gk3-76b9e28157717afcfa4ae4353623e855{\nmargin-top:0px;\nmargin-bottom:0px;\n}\n}\n\n@media only screen and (min-width: 480px) and (max-width: 767px){ \n.avia-section.av-10gk3-76b9e28157717afcfa4ae4353623e855{\nmargin-top:0px;\nmargin-bottom:0px;\n}\n}\n\n@media only screen and (max-width: 479px){ \n.avia-section.av-10gk3-76b9e28157717afcfa4ae4353623e855{\nmargin-top:0px;\nmargin-bottom:0px;\n}\n}\n<\/style>\n<div id='av_section_1'  class='avia-section av-10gk3-76b9e28157717afcfa4ae4353623e855 main_color avia-section-no-padding avia-no-border-styling  avia-builder-el-0  el_before_av_textblock  avia-builder-el-first  avia-bg-style-scroll av-section-color-overlay-active container_wrap fullsize'  ><div class=\"av-section-color-overlay-wrap\"><div class=\"av-section-color-overlay\"><\/div><div class='container av-section-cont-open' ><main  role=\"main\" itemprop=\"mainContentOfPage\"  class='template-page content  av-content-full alpha units'><div class='post-entry post-entry-type-page post-entry-75'><div class='entry-content-wrapper clearfix'>\n\n<\/div><\/div><\/main><!-- close content main element --><\/div><\/div><\/div><div id='after_section_1'  class='main_color av_default_container_wrap container_wrap fullsize'  ><div class='container av-section-cont-open' ><div class='template-page content  av-content-full alpha units'><div class='post-entry post-entry-type-page post-entry-75'><div class='entry-content-wrapper clearfix'>\n<section  class='av_textblock_section av-lhyrrrrr-f03e4912d5eb8bd99070a4421d0a6829 '   itemscope=\"itemscope\" itemtype=\"https:\/\/schema.org\/CreativeWork\" ><div class='avia_textblock'  itemprop=\"text\" ><h1 style=\"text-align: center;\"><strong>Bienvenido a Bearhunter;<\/strong><\/h1>\n<\/div><\/section>\n<div  class='flex_column av-c0r5b-27072be8c82f009b9531df96efde82e9 av_one_full  avia-builder-el-3  el_after_av_textblock  el_before_av_textblock  first flex_column_div  column-top-margin'     ><\/div>\n<section  class='av_textblock_section av-lhxof0wr-becbe3acb15923b619d897eef05a26b7 '   itemscope=\"itemscope\" itemtype=\"https:\/\/schema.org\/CreativeWork\" ><div class='avia_textblock'  itemprop=\"text\" ><h1>Un poco sobre nosotros;<\/h1>\n<p>Dedicamos la mayor parte de nuestro tiempo libre al cuidado y atenci\u00f3n de nuestros perros. Se cr\u00edan en casa, son perros de familia, nuestro deseo, si adquieres uno de ellos, es que contin\u00fae siendo as\u00ed, porque la felicidad de un B\u00f3xer viene al estar cerca de su familia.<\/p>\n<p>Criamos y exponemos nuestros B\u00f3xer y para nosotros es \u00fanicamente una afici\u00f3n. Lo hacemos con mucha ilusi\u00f3n y con mucho cari\u00f1o.<\/p>\n<p>Nuestro inter\u00e9s por el mundo canino comenz\u00f3 hace ya muchos a\u00f1os.<br \/>\nTuve la gran suerte de criarme junto a dos grandes veterinarios Jos\u00e9 Mar\u00eda Frade y Elena Mochales que me permitieron asomarme a este mundo que me enganch\u00f3 r\u00e1pidamente.<\/p>\n<p>Mi primer perro vino a los 11 a\u00f1os y era un Bobtail llamado Ashler con el car\u00e1cter de Scooby Doo que hac\u00eda las delicias de mi hermano peque\u00f1o. Despu\u00e9s de este vinieron otros muchos que me hicieron interesarme por el mundo del comportamiento animal y la Etolog\u00eda.<\/p>\n<p>El Agility fue el deporte elegido para disfrutar con mi primer B\u00f3xer (Boss) que me ense\u00f1\u00f3 mucho m\u00e1s que yo a \u00e9l, todav\u00eda le echo de menos.<\/p>\n<p>Mucho m\u00e1s tarde en, el a\u00f1o 2004, y tras conocer a D. Manuel Izquierdo (afijo Las Arillas) adquir\u00ed mi primera perra de exposici\u00f3n,\u00a0<u>Sal de las Arillas<\/u>\u00a0(02\/05\/2004 &#8211; 27\/01\/2015), que me hizo saber que el B\u00f3xer definitivamente era \u201cMi raza\u201d.<\/p>\n<p>En el a\u00f1o 2006 obtuvimos tanto mi marido como yo el\u00a0<u>Diploma Universitario EAC Educaci\u00f3n y Adiestramiento Canino. Terapeuta del Comportamiento.<\/u><\/p>\n<p>En el mes de Febrero de 2017 fu\u00ed nombrada Juez Nacional de Concurso de la RSCE, esto me permite disfrutar m\u00e1s si cabe, aprendiendo de los mejores, en este magn\u00edfico mundo de la Cinofilia.<\/p>\n<p>Hasta el d\u00eda de hoy nuestra pasi\u00f3n por el mundo del perro, pese a los sacrificios que supone, contin\u00faa intacta.<\/p>\n<p>Mayte Nieto Mochales.<br \/>\nJuez Internacional RSCE.<br \/>\nJuez Especialista de la raza B\u00f3xer.<br \/>\nMiembro de la Junta directiva BCE.<\/p>\n<\/div><\/section>\n<div  class='avia-video av-m7ucpaoj-e9af80f801d1d230c581d396e9614ccf avia-video-16-9 av-no-preview-image avia-video-load-always av-lazyload-immediate av-lazyload-video-embed'  itemprop=\"video\" itemtype=\"https:\/\/schema.org\/VideoObject\"  data-original_url='https:\/\/www.youtube.com\/watch?v=foMEOZERXuw'><script type='text\/html' class='av-video-tmpl'><div class='avia-iframe-wrap'><iframe loading=\"lazy\" title=\"Espacio de cria.\" width=\"1500\" height=\"844\" src=\"https:\/\/www.youtube.com\/embed\/foMEOZERXuw?feature=oembed&autoplay=0&loop=0&controls=1&mute=0\" frameborder=\"0\" allow=\"accelerometer; autoplay; clipboard-write; encrypted-media; gyroscope; picture-in-picture; web-share\" referrerpolicy=\"strict-origin-when-cross-origin\" allowfullscreen><\/iframe><\/div><\/script><div class='av-click-to-play-overlay'><div class=\"avia_playpause_icon\"><\/div><\/div><\/div>\n","protected":false},"excerpt":{"rendered":"","protected":false},"author":1,"featured_media":0,"parent":0,"menu_order":0,"comment_status":"closed","ping_status":"closed","template":"","meta":{"footnotes":""},"class_list":["post-75","page","type-page","status-publish","hentry"],"_links":{"self":[{"href":"https:\/\/www.bearhunter.es\/index.php?rest_route=\/wp\/v2\/pages\/75","targetHints":{"allow":["GET"]}}],"collection":[{"href":"https:\/\/www.bearhunter.es\/index.php?rest_route=\/wp\/v2\/pages"}],"about":[{"href":"https:\/\/www.bearhunter.es\/index.php?rest_route=\/wp\/v2\/types\/page"}],"author":[{"embeddable":true,"href":"https:\/\/www.bearhunter.es\/index.php?rest_route=\/wp\/v2\/users\/1"}],"replies":[{"embeddable":true,"href":"https:\/\/www.bearhunter.es\/index.php?rest_route=%2Fwp%2Fv2%2Fcomments&post=75"}],"version-history":[{"count":32,"href":"https:\/\/www.bearhunter.es\/index.php?rest_route=\/wp\/v2\/pages\/75\/revisions"}],"predecessor-version":[{"id":1085,"href":"https:\/\/www.bearhunter.es\/index.php?rest_route=\/wp\/v2\/pages\/75\/revisions\/1085"}],"wp:attachment":[{"href":"https:\/\/www.bearhunter.es\/index.php?rest_route=%2Fwp%2Fv2%2Fmedia&parent=75"}],"curies":[{"name":"wp","href":"https:\/\/api.w.org\/{rel}","templated":true}]}}