{"id":773,"date":"2023-05-23T17:58:26","date_gmt":"2023-05-23T17:58:26","guid":{"rendered":"https:\/\/www.bearhunter.es\/?page_id=773"},"modified":"2023-05-25T13:14:32","modified_gmt":"2023-05-25T11:14:32","slug":"politica-de-privacidad","status":"publish","type":"page","link":"https:\/\/www.bearhunter.es\/?page_id=773","title":{"rendered":"Pol\u00edtica de Privacidad"},"content":{"rendered":"<section  class='av_textblock_section av-8ajid-eaf250e1964365f0f89ad8b7b29923fa '   itemscope=\"itemscope\" itemtype=\"https:\/\/schema.org\/CreativeWork\" ><div class='avia_textblock'  itemprop=\"text\" ><h1 style=\"text-align: center;\">POL\u00cdTICA DE PRIVACIDAD<\/h1>\n\n<style type=\"text\/css\" data-created_by=\"avia_inline_auto\" id=\"style-css-av-av_hr-c212a6610ca2a1554649fe7cde83d8bf\">\n#top .hr.hr-invisible.av-av_hr-c212a6610ca2a1554649fe7cde83d8bf{\nheight:50px;\n}\n<\/style>\n<div  class='hr av-av_hr-c212a6610ca2a1554649fe7cde83d8bf hr-invisible  avia-builder-el-1  avia-builder-el-no-sibling '><span class='hr-inner '><span class=\"hr-inner-style\"><\/span><\/span><\/div>\n<p>Bearhunter.es y su gestor se compromete a adoptar las medidas t\u00e9cnicas y organizativas necesarias, seg\u00fan el nivel de seguridad adecuado al riesgo de los datos recogidos.<\/p>\n<p>Leyes que incorpora esta pol\u00edtica de privacidad<\/p>\n<p>Esta pol\u00edtica de privacidad est\u00e1 adaptada a la normativa espa\u00f1ola y europea vigente en\u00a0materia de protecci\u00f3n de datos personales en internet. En concreto, la misma respeta las\u00a0siguientes normas:<\/p>\n<p>El Reglamento (UE) 2016\/679 del Parlamento Europeo y del Consejo, de 27 de abril de\u00a02016, relativo a la protecci\u00f3n de las personas f\u00edsicas en lo que respecta al tratamiento de\u00a0datos personales y a la libre circulaci\u00f3n de estos datos (RGPD).<\/p>\n<p>La Ley Org\u00e1nica 3\/2018, de 5 de diciembre, de Protecci\u00f3n de Datos Personales y garant\u00eda de los derechos digitales (LOPD-GDD).<\/p>\n<p>La Ley 34\/2002, de 11 de julio, de Servicios de la Sociedad de la Informaci\u00f3n y de Comercio Electr\u00f3nico (LSSI-CE).<\/p>\n<p>Identidad del responsable del tratamiento de los datos personales<\/p>\n<p>El responsable del tratamiento de los datos personales recogidos en el sitio web Bearhunter.es, ser\u00e1 el gestor de la empresa (en adelante, tambi\u00e9n Responsable del tratamiento).<\/p>\n<p>Sus datos de contacto son los siguientes:<\/p>\n<p>Tel. 689 43 48 00<br \/>\nemail: info@bearhunter.es<\/p>\n<\/div><\/section>\n","protected":false},"excerpt":{"rendered":"","protected":false},"author":1,"featured_media":0,"parent":0,"menu_order":0,"comment_status":"closed","ping_status":"closed","template":"","meta":{"footnotes":""},"class_list":["post-773","page","type-page","status-publish","hentry"],"_links":{"self":[{"href":"https:\/\/www.bearhunter.es\/index.php?rest_route=\/wp\/v2\/pages\/773","targetHints":{"allow":["GET"]}}],"collection":[{"href":"https:\/\/www.bearhunter.es\/index.php?rest_route=\/wp\/v2\/pages"}],"about":[{"href":"https:\/\/www.bearhunter.es\/index.php?rest_route=\/wp\/v2\/types\/page"}],"author":[{"embeddable":true,"href":"https:\/\/www.bearhunter.es\/index.php?rest_route=\/wp\/v2\/users\/1"}],"replies":[{"embeddable":true,"href":"https:\/\/www.bearhunter.es\/index.php?rest_route=%2Fwp%2Fv2%2Fcomments&post=773"}],"version-history":[{"count":2,"href":"https:\/\/www.bearhunter.es\/index.php?rest_route=\/wp\/v2\/pages\/773\/revisions"}],"predecessor-version":[{"id":810,"href":"https:\/\/www.bearhunter.es\/index.php?rest_route=\/wp\/v2\/pages\/773\/revisions\/810"}],"wp:attachment":[{"href":"https:\/\/www.bearhunter.es\/index.php?rest_route=%2Fwp%2Fv2%2Fmedia&parent=773"}],"curies":[{"name":"wp","href":"https:\/\/api.w.org\/{rel}","templated":true}]}}